{"id":357703,"date":"2018-01-01T00:00:00","date_gmt":"2018-01-01T00:00:00","guid":{"rendered":"https:\/\/xframe.x-tra.it\/?post_type=product&#038;p=357703"},"modified":"2023-09-08T14:46:49","modified_gmt":"2023-09-08T14:46:49","slug":"34357","status":"publish","type":"product","link":"https:\/\/xframe.x-tra.it\/en\/product\/34357\/","title":{"rendered":"37mm, hand-wound mechanical movement, rose gold, diamonds, rose gold beads"},"content":{"rendered":"<p>R\u00e9v\u00e9lation d\u2019une Panth\u00e8re watch, 37 mm, Manufacture mechanical movement with manual winding, 430 MC caliber. 18-karat rose gold case set with 45 brilliant-cut diamonds (1.64 carats), black lacquer dial, panther decoration with gold spheres revealed by the movements of the wrist, 18-karat rose gold beaded crown set with a brilliant-cut diamond ( 0.08 carat), gold-finish steel pomme-shaped hands, black shiny alligator strap (additional wine-colored alligator strap), 18-karat rose gold double adjustable folding buckle set with 43 brilliant-cut diamonds ( 0.42 carat). Waterproof up to 30 meters.<\/p>","protected":false},"excerpt":{"rendered":"<p>R\u00e9v\u00e9lation d&#8217;une Panth\u00e8re watch, 37 mm, Manufacture mechanical movement with manual winding, calibre 430 MC. Case in 18K rose gold set with 45 brilliant-cut diamonds totalling 1.64 carats, black lacquer dial, panther motif in gold beads revealed by movements of the wrist, beaded crown in 18K rose gold set with a brilliant-cut diamond of 0.08 carats, gold-finish steel apple-shaped hands, shiny black alligator-skin strap (additional strap in burgundy alligator skin), double adjustable folding buckle in 18K rose gold set with 43 brilliant-cut diamonds totalling 0.42 carats. Water-resistant to 3 bar (approx. 30 metres).<\/p>\n","protected":false},"featured_media":357704,"comment_status":"open","ping_status":"closed","template":"","meta":{"_acf_changed":false,"site-sidebar-layout":"default","site-content-layout":"","ast-site-content-layout":"","site-content-style":"default","site-sidebar-style":"default","ast-global-header-display":"","ast-banner-title-visibility":"","ast-main-header-display":"","ast-hfb-above-header-display":"","ast-hfb-below-header-display":"","ast-hfb-mobile-header-display":"","site-post-title":"","ast-breadcrumbs-content":"","ast-featured-img":"","footer-sml-layout":"","theme-transparent-header-meta":"","adv-header-id-meta":"","stick-header-meta":"","header-above-stick-meta":"","header-main-stick-meta":"","header-below-stick-meta":"","astra-migrate-meta-layouts":""},"product_cat":[24],"product_tag":[],"class_list":{"0":"post-357703","1":"product","2":"type-product","3":"status-publish","4":"has-post-thumbnail","6":"brand-encartieritcartierfrcartier","7":"line-orologi-gioiello-panthere","8":"shop_area-orologi-di-lusso","9":"gender-enwomanitdonna","10":"desktop-align-left","11":"tablet-align-left","12":"mobile-align-left","14":"first","15":"instock","16":"taxable","17":"shipping-taxable","18":"purchasable","19":"product-type-simple"},"acf":[],"yoast_head":"<!-- This site is optimized with the Yoast SEO plugin v24.6 - https:\/\/yoast.com\/wordpress\/plugins\/seo\/ -->\n<title>37mm, hand-wound mechanical movement, rose gold, diamonds, rose gold beads -<\/title>\n<meta name=\"robots\" content=\"noindex, follow, max-snippet:-1, max-image-preview:large, max-video-preview:-1\" \/>\n<meta property=\"og:locale\" content=\"en_US\" \/>\n<meta property=\"og:type\" content=\"article\" \/>\n<meta property=\"og:title\" content=\"[:en]37mm, hand-wound mechanical movement, rose gold, diamonds, rose gold beads[:it]37 mm, movimento meccanico a carica manuale, oro rosa, diamanti, sferette di oro rosa[:fr]37 mm, movimento meccanico a carica manuale, oro rosa, diamanti, sferette di oro rosa[:] -\" \/>\n<meta property=\"og:description\" content=\"[:en]R\u00e9v\u00e9lation d&#039;une Panth\u00e8re watch, 37 mm, Manufacture mechanical movement with manual winding, calibre 430 MC. Case in 18K rose gold set with 45 brilliant-cut diamonds totalling 1.64 carats, black lacquer dial, panther motif in gold beads revealed by movements of the wrist, beaded crown in 18K rose gold set with a brilliant-cut diamond of 0.08 carats, gold-finish steel apple-shaped hands, shiny black alligator-skin strap (additional strap in burgundy alligator skin), double adjustable folding buckle in 18K rose gold set with 43 brilliant-cut diamonds totalling 0.42 carats. Water-resistant to 3 bar (approx. 30 metres).[:it]Orologio R\u00e9v\u00e9lation d\u2019une Panth\u00e8re, 37 mm, movimento meccanico di Manifattura a carica manuale, calibro 430 MC. Cassa in oro rosa 18 carati ornata di 45 diamanti taglio brillante (1,64 carati), quadrante in lacca nera, decoro pantera con sferette di oro rivelato dai movimenti del polso, corona perlata in oro rosa 18 carati ornata di un diamante taglio brillante (0,08 carati), lancette a forma di pomme d\u2019acciaio finitura dorata, cinturino d\u2019alligatore lucido nero (cinturino supplementare d\u2019alligatore color vinaccia), fibbia pieghevole a doppia regolazione in oro rosa 18 carati ornata di 43 diamanti taglio brillante (0,42 carati). Impermeabile fino a 30 metri.[:fr]Orologio R\u00e9v\u00e9lation d\u2019une Panth\u00e8re, 37 mm, movimento meccanico di Manifattura a carica manuale, calibro 430 MC. Cassa in oro rosa 18 carati ornata di 45 diamanti taglio brillante (1,64 carati), quadrante in lacca nera, decoro pantera con sferette di oro rivelato dai movimenti del polso, corona perlata in oro rosa 18 carati ornata di un diamante taglio brillante (0,08 carati), lancette a forma di pomme d\u2019acciaio finitura dorata, cinturino d\u2019alligatore lucido nero (cinturino supplementare d\u2019alligatore color vinaccia), fibbia pieghevole a doppia regolazione in oro rosa 18 carati ornata di 43 diamanti taglio brillante (0,42 carati). Impermeabile fino a 30 metri.[:]\" \/>\n<meta property=\"og:url\" content=\"https:\/\/xframe.x-tra.it\/product\/34357\/\" \/>\n<meta property=\"article:modified_time\" content=\"2023-09-08T14:46:49+00:00\" \/>\n<meta property=\"og:image\" content=\"https:\/\/xframe.x-tra.it\/wp-content\/uploads\/2023\/09\/0bb3199b-5bb0-48e9-bdeb-41d9cd889394.png\" \/>\n\t<meta property=\"og:image:width\" content=\"626\" \/>\n\t<meta property=\"og:image:height\" content=\"1024\" \/>\n\t<meta property=\"og:image:type\" content=\"image\/png\" \/>\n<meta name=\"twitter:card\" content=\"summary_large_image\" \/>\n<meta name=\"twitter:label1\" content=\"Est. reading time\" \/>\n\t<meta name=\"twitter:data1\" content=\"1 minute\" \/>\n<script type=\"application\/ld+json\" class=\"yoast-schema-graph\">{\"@context\":\"https:\/\/schema.org\",\"@graph\":[{\"@type\":\"WebPage\",\"@id\":\"https:\/\/xframe.x-tra.it\/product\/34357\/\",\"url\":\"https:\/\/xframe.x-tra.it\/product\/34357\/\",\"name\":\"[:en]37mm, hand-wound mechanical movement, rose gold, diamonds, rose gold beads[:it]37 mm, movimento meccanico a carica manuale, oro rosa, diamanti, sferette di oro rosa[:fr]37 mm, movimento meccanico a carica manuale, oro rosa, diamanti, sferette di oro rosa[:] -\",\"isPartOf\":{\"@id\":\"https:\/\/xframe.x-tra.it\/#website\"},\"primaryImageOfPage\":{\"@id\":\"https:\/\/xframe.x-tra.it\/product\/34357\/#primaryimage\"},\"image\":{\"@id\":\"https:\/\/xframe.x-tra.it\/product\/34357\/#primaryimage\"},\"thumbnailUrl\":\"https:\/\/xframe.x-tra.it\/wp-content\/uploads\/2023\/09\/0bb3199b-5bb0-48e9-bdeb-41d9cd889394.png\",\"datePublished\":\"2018-01-01T00:00:00+00:00\",\"dateModified\":\"2023-09-08T14:46:49+00:00\",\"breadcrumb\":{\"@id\":\"https:\/\/xframe.x-tra.it\/product\/34357\/#breadcrumb\"},\"inLanguage\":\"en-US\",\"potentialAction\":[{\"@type\":\"ReadAction\",\"target\":[\"https:\/\/xframe.x-tra.it\/product\/34357\/\"]}]},{\"@type\":\"ImageObject\",\"inLanguage\":\"en-US\",\"@id\":\"https:\/\/xframe.x-tra.it\/product\/34357\/#primaryimage\",\"url\":\"https:\/\/xframe.x-tra.it\/wp-content\/uploads\/2023\/09\/0bb3199b-5bb0-48e9-bdeb-41d9cd889394.png\",\"contentUrl\":\"https:\/\/xframe.x-tra.it\/wp-content\/uploads\/2023\/09\/0bb3199b-5bb0-48e9-bdeb-41d9cd889394.png\",\"width\":626,\"height\":1024,\"caption\":\"0bb3199b-5bb0-48e9-bdeb-41d9cd889394.png\"},{\"@type\":\"BreadcrumbList\",\"@id\":\"https:\/\/xframe.x-tra.it\/product\/34357\/#breadcrumb\",\"itemListElement\":[{\"@type\":\"ListItem\",\"position\":1,\"name\":\"Home\",\"item\":\"https:\/\/xframe.x-tra.it\/\"},{\"@type\":\"ListItem\",\"position\":2,\"name\":\"Shop\",\"item\":\"https:\/\/xframe.x-tra.it\/shop\/\"},{\"@type\":\"ListItem\",\"position\":3,\"name\":\"37 mm, movimento meccanico a carica manuale, oro rosa, diamanti, sferette di oro rosa\"}]},{\"@type\":\"WebSite\",\"@id\":\"https:\/\/xframe.x-tra.it\/#website\",\"url\":\"https:\/\/xframe.x-tra.it\/\",\"name\":\"\",\"description\":\"\",\"potentialAction\":[{\"@type\":\"SearchAction\",\"target\":{\"@type\":\"EntryPoint\",\"urlTemplate\":\"https:\/\/xframe.x-tra.it\/?s={search_term_string}\"},\"query-input\":{\"@type\":\"PropertyValueSpecification\",\"valueRequired\":true,\"valueName\":\"search_term_string\"}}],\"inLanguage\":\"en-US\"}]}<\/script>\n<!-- \/ Yoast SEO plugin. -->","yoast_head_json":{"title":"[:en]37mm, hand-wound mechanical movement, rose gold, diamonds, rose gold beads[:it]37 mm, movimento meccanico a carica manuale, oro rosa, diamanti, sferette di oro rosa[:fr]37 mm, movimento meccanico a carica manuale, oro rosa, diamanti, sferette di oro rosa[:] -","robots":{"index":"noindex","follow":"follow","max-snippet":"max-snippet:-1","max-image-preview":"max-image-preview:large","max-video-preview":"max-video-preview:-1"},"og_locale":"en_US","og_type":"article","og_title":"[:en]37mm, hand-wound mechanical movement, rose gold, diamonds, rose gold beads[:it]37 mm, movimento meccanico a carica manuale, oro rosa, diamanti, sferette di oro rosa[:fr]37 mm, movimento meccanico a carica manuale, oro rosa, diamanti, sferette di oro rosa[:] -","og_description":"[:en]R\u00e9v\u00e9lation d'une Panth\u00e8re watch, 37 mm, Manufacture mechanical movement with manual winding, calibre 430 MC. Case in 18K rose gold set with 45 brilliant-cut diamonds totalling 1.64 carats, black lacquer dial, panther motif in gold beads revealed by movements of the wrist, beaded crown in 18K rose gold set with a brilliant-cut diamond of 0.08 carats, gold-finish steel apple-shaped hands, shiny black alligator-skin strap (additional strap in burgundy alligator skin), double adjustable folding buckle in 18K rose gold set with 43 brilliant-cut diamonds totalling 0.42 carats. Water-resistant to 3 bar (approx. 30 metres).[:it]Orologio R\u00e9v\u00e9lation d\u2019une Panth\u00e8re, 37 mm, movimento meccanico di Manifattura a carica manuale, calibro 430 MC. Cassa in oro rosa 18 carati ornata di 45 diamanti taglio brillante (1,64 carati), quadrante in lacca nera, decoro pantera con sferette di oro rivelato dai movimenti del polso, corona perlata in oro rosa 18 carati ornata di un diamante taglio brillante (0,08 carati), lancette a forma di pomme d\u2019acciaio finitura dorata, cinturino d\u2019alligatore lucido nero (cinturino supplementare d\u2019alligatore color vinaccia), fibbia pieghevole a doppia regolazione in oro rosa 18 carati ornata di 43 diamanti taglio brillante (0,42 carati). Impermeabile fino a 30 metri.[:fr]Orologio R\u00e9v\u00e9lation d\u2019une Panth\u00e8re, 37 mm, movimento meccanico di Manifattura a carica manuale, calibro 430 MC. Cassa in oro rosa 18 carati ornata di 45 diamanti taglio brillante (1,64 carati), quadrante in lacca nera, decoro pantera con sferette di oro rivelato dai movimenti del polso, corona perlata in oro rosa 18 carati ornata di un diamante taglio brillante (0,08 carati), lancette a forma di pomme d\u2019acciaio finitura dorata, cinturino d\u2019alligatore lucido nero (cinturino supplementare d\u2019alligatore color vinaccia), fibbia pieghevole a doppia regolazione in oro rosa 18 carati ornata di 43 diamanti taglio brillante (0,42 carati). Impermeabile fino a 30 metri.[:]","og_url":"https:\/\/xframe.x-tra.it\/product\/34357\/","article_modified_time":"2023-09-08T14:46:49+00:00","og_image":[{"width":626,"height":1024,"url":"https:\/\/xframe.x-tra.it\/wp-content\/uploads\/2023\/09\/0bb3199b-5bb0-48e9-bdeb-41d9cd889394.png","type":"image\/png"}],"twitter_card":"summary_large_image","twitter_misc":{"Est. reading time":"1 minute"},"schema":{"@context":"https:\/\/schema.org","@graph":[{"@type":"WebPage","@id":"https:\/\/xframe.x-tra.it\/product\/34357\/","url":"https:\/\/xframe.x-tra.it\/product\/34357\/","name":"[:en]37mm, hand-wound mechanical movement, rose gold, diamonds, rose gold beads[:it]37 mm, movimento meccanico a carica manuale, oro rosa, diamanti, sferette di oro rosa[:fr]37 mm, movimento meccanico a carica manuale, oro rosa, diamanti, sferette di oro rosa[:] -","isPartOf":{"@id":"https:\/\/xframe.x-tra.it\/#website"},"primaryImageOfPage":{"@id":"https:\/\/xframe.x-tra.it\/product\/34357\/#primaryimage"},"image":{"@id":"https:\/\/xframe.x-tra.it\/product\/34357\/#primaryimage"},"thumbnailUrl":"https:\/\/xframe.x-tra.it\/wp-content\/uploads\/2023\/09\/0bb3199b-5bb0-48e9-bdeb-41d9cd889394.png","datePublished":"2018-01-01T00:00:00+00:00","dateModified":"2023-09-08T14:46:49+00:00","breadcrumb":{"@id":"https:\/\/xframe.x-tra.it\/product\/34357\/#breadcrumb"},"inLanguage":"en-US","potentialAction":[{"@type":"ReadAction","target":["https:\/\/xframe.x-tra.it\/product\/34357\/"]}]},{"@type":"ImageObject","inLanguage":"en-US","@id":"https:\/\/xframe.x-tra.it\/product\/34357\/#primaryimage","url":"https:\/\/xframe.x-tra.it\/wp-content\/uploads\/2023\/09\/0bb3199b-5bb0-48e9-bdeb-41d9cd889394.png","contentUrl":"https:\/\/xframe.x-tra.it\/wp-content\/uploads\/2023\/09\/0bb3199b-5bb0-48e9-bdeb-41d9cd889394.png","width":626,"height":1024,"caption":"0bb3199b-5bb0-48e9-bdeb-41d9cd889394.png"},{"@type":"BreadcrumbList","@id":"https:\/\/xframe.x-tra.it\/product\/34357\/#breadcrumb","itemListElement":[{"@type":"ListItem","position":1,"name":"Home","item":"https:\/\/xframe.x-tra.it\/"},{"@type":"ListItem","position":2,"name":"Shop","item":"https:\/\/xframe.x-tra.it\/shop\/"},{"@type":"ListItem","position":3,"name":"37 mm, movimento meccanico a carica manuale, oro rosa, diamanti, sferette di oro rosa"}]},{"@type":"WebSite","@id":"https:\/\/xframe.x-tra.it\/#website","url":"https:\/\/xframe.x-tra.it\/","name":"","description":"","potentialAction":[{"@type":"SearchAction","target":{"@type":"EntryPoint","urlTemplate":"https:\/\/xframe.x-tra.it\/?s={search_term_string}"},"query-input":{"@type":"PropertyValueSpecification","valueRequired":true,"valueName":"search_term_string"}}],"inLanguage":"en-US"}]}},"column":true,"wpcf_product":{"display_name":"luca bary","location":"","funding_goal":"","total_raised":0,"raised_percent":"0%","desc":"","days_remaining":0,"product_thumb":"<img width=\"300\" height=\"300\" src=\"https:\/\/xframe.x-tra.it\/wp-content\/uploads\/2023\/09\/0bb3199b-5bb0-48e9-bdeb-41d9cd889394-300x300.png\" class=\"attachment-woocommerce_thumbnail size-woocommerce_thumbnail\" alt=\"0bb3199b-5bb0-48e9-bdeb-41d9cd889394.png\" decoding=\"async\" srcset=\"https:\/\/xframe.x-tra.it\/wp-content\/uploads\/2023\/09\/0bb3199b-5bb0-48e9-bdeb-41d9cd889394-300x300.png 300w, https:\/\/xframe.x-tra.it\/wp-content\/uploads\/2023\/09\/0bb3199b-5bb0-48e9-bdeb-41d9cd889394-100x100.png 100w\" sizes=\"(max-width: 300px) 100vw, 300px\" \/>"},"wpcf_dashboard":"<div class=\"woocommerce\"><div class=\"woocommerce-info\">Please log in first? <a class=\"wpneoShowLogin\" href=\"#\">Click here to login<\/a><\/div><div class=\"wpneo_login_form_div\" style=\"display: none;\"><form name=\"loginform\" id=\"loginform\" action=\"https:\/\/xframe.x-tra.it\/wp-login.php\" method=\"post\"><p class=\"login-username\">\n\t\t\t\t<label for=\"user_login\">Username or Email Address<\/label>\n\t\t\t\t<input type=\"text\" name=\"log\" id=\"user_login\" autocomplete=\"username\" class=\"input\" value=\"\" size=\"20\" \/>\n\t\t\t<\/p><p class=\"login-password\">\n\t\t\t\t<label for=\"user_pass\">Password<\/label>\n\t\t\t\t<input type=\"password\" name=\"pwd\" id=\"user_pass\" autocomplete=\"current-password\" spellcheck=\"false\" class=\"input\" value=\"\" size=\"20\" \/>\n\t\t\t<\/p><p class=\"login-remember\"><label><input name=\"rememberme\" type=\"checkbox\" id=\"rememberme\" value=\"forever\" \/> Remember Me<\/label><\/p><p class=\"login-submit\">\n\t\t\t\t<input type=\"submit\" name=\"wp-submit\" id=\"wp-submit\" class=\"button button-primary\" value=\"Log In\" \/>\n\t\t\t\t<input type=\"hidden\" name=\"redirect_to\" value=\"https:\/\/xframe.x-tra.it\/en\/wp-json\/wp\/v2\/product\/357703\" \/>\n\t\t\t<\/p><\/form><\/div><\/div>","wpcf_single_campaign":"\n<div class=\"wpneo-wrapper\">\n\t<div class=\"wpneocf-container\">\n\t\t<div id=\"primary\" class=\"content-area\">\n\t\t\t<div id=\"content\" class=\"site-content\" role=\"main\">\n\t\t\t\t<div style=\"margin-top: 150px;\" class=\"wpneo-list-details\">\n\n\t\t\t\t\t\t\t\t\t\t<div itemscope itemtype=\"http:\/\/schema.org\/ItemList\" id=\"campaign-357703\" class=\"post-357703 product type-product status-publish has-post-thumbnail brand-encartieritcartierfrcartier line-orologi-gioiello-panthere shop_area-orologi-di-lusso gender-enwomanitdonna desktop-align-left tablet-align-left mobile-align-left last instock taxable shipping-taxable purchasable product-type-simple\">\n\t\t\t\t\t\t<div class=\"wpneo-campaign-single-left-info\">\n\t<div class=\"wpneo-post-img\">   \n\t\t<a href=\"https:\/\/xframe.x-tra.it\/wp-content\/uploads\/2023\/09\/0bb3199b-5bb0-48e9-bdeb-41d9cd889394.png\" itemprop=\"image\" class=\"wpneo-single-main-image zoom\" title=\"\" data-rel=\"prettyPhoto[product-gallery]\"><img width=\"626\" height=\"1024\" src=\"https:\/\/xframe.x-tra.it\/wp-content\/uploads\/2023\/09\/0bb3199b-5bb0-48e9-bdeb-41d9cd889394.png\" class=\"attachment-shop_single size-shop_single wp-post-image\" alt=\"0bb3199b-5bb0-48e9-bdeb-41d9cd889394.png\" title=\"0bb3199b-5bb0-48e9-bdeb-41d9cd889394.png\" decoding=\"async\" \/><\/a>\t\t\t<\/div>\n\t\n\t<div style=\"clear: both\"><\/div>\n<div class=\"wpneo-single-short-description\">\n\t<h2>Short Story<\/h2>\n\t<div itemprop=\"description\">\n\t\t<p>R\u00e9v\u00e9lation d&#8217;une Panth\u00e8re watch, 37 mm, Manufacture mechanical movement with manual winding, calibre 430 MC. Case in 18K rose gold set with 45 brilliant-cut diamonds totalling 1.64 carats, black lacquer dial, panther motif in gold beads revealed by movements of the wrist, beaded crown in 18K rose gold set with a brilliant-cut diamond of 0.08 carats, gold-finish steel apple-shaped hands, shiny black alligator-skin strap (additional strap in burgundy alligator skin), double adjustable folding buckle in 18K rose gold set with 43 brilliant-cut diamonds totalling 0.42 carats. Water-resistant to 3 bar (approx. 30 metres).<\/p>\t<\/div>\n<\/div>\n<\/div>\t\t\t\t\t\t<div class=\"wpneo-campaign-summary\">\n\t\t\t\t\t\t\t<div class=\"wpneo-campaign-summary-inner\" itemscope itemtype=\"http:\/\/schema.org\/DonateAction\">\n\t\t\t\t\t\t\t\t<h2 class=\"wpneo-campaign-title\">37mm, hand-wound mechanical movement, rose gold, diamonds, rose gold beads<\/h2><div class=\"campaign-funding-info\">\n\t<ul>\n\t\t<li>\n\t\t\t<p class=\"funding-amount\">\n\t\t\t\tNot Set\t\t\t<\/p>\n\t\t\t<span class=\"info-text\">Funding Goal<\/span>\n\t\t<\/li>\n\t\t<li>\n\t\t\t<p class=\"funding-amount\"><span class=\"woocommerce-Price-amount amount\"><bdi>0,00<span class=\"woocommerce-Price-currencySymbol\">&euro;<\/span><\/bdi><\/span><\/p>\n\t\t\t<span class=\"info-text\">Funds Raised<\/span>\n\t\t<\/li>\n\t\t\t\t\t<li>\n\t\t\t\t\t\t\t\t\t<p class=\"funding-amount\">0<\/p>\n\t\t\t\t\t<span class=\"info-text\">Days to go<\/span>\n\t\t\t\t\t\t\t<\/li>\n\t\t\n\t\t<li>\n\t\t\t<p class=\"funding-amount\">\n\t\t\t\tCampaign Never Ends\t\t\t<\/p>\n\t\t\t<span class=\"info-text\">Campaign End Method<\/span>\n\t\t<\/li>\n\t<\/ul>\n<\/div><div class=\"wpneo-raised-percent\">\n\t<div class=\"wpneo-meta-name\">Raised Percent :<\/div>\n\t<div class=\"wpneo-meta-desc\" >0%<\/div>\n<\/div>\n<div class=\"wpneo-raised-bar\">\n\t<div id=\"neo-progressbar\">\n\t\t\t\t<div style=\"width: 0%\"><\/div>\n\t<\/div>\n<\/div><div class=\"wpneo-single-sidebar ASA\">\n\t<\/div>\n\t\t\t\t\t\t\t<\/div><!-- .wpneo-campaign-summary-inner -->\n\t\t\t\t\t\t<\/div><!-- .wpneo-campaign-summary -->\n\t\t\t\t\t\t\t\n\t\t\t\t\t\t\t<meta itemprop=\"url\" content=\"https:\/\/xframe.x-tra.it\/en\/product\/34357\/\" \/>\n\t\t\t\t\t<\/div><!-- #campaign-357703 -->\n\t\t\t\t\t\t\t\t\t\t\n\t\t\t\t<\/div>\n\t\t\t<\/div><!-- #content -->\n\t\t<\/div><!-- #primary -->\n\t<\/div>\n\n<\/div>\n","wpcf_popular_campaign":[{"ID":373223,"post_author":"2","post_date":"2025-03-24 14:14:34","post_date_gmt":"2025-03-24 14:14:34","post_content":"<p class=\"qtranxs-available-languages-message qtranxs-available-languages-message-en\">Sorry, this entry is only available in <a href=\"https:\/\/xframe.x-tra.it\/it\/wp-json\/wp\/v2\/product\/357703\" class=\"qtranxs-available-language-link qtranxs-available-language-link-it\" title=\"Italiano\">Italiano<\/a>.<\/p>","post_title":"Large model, quartz movement, steel, leather (Copy)","post_excerpt":"Tank Must watch, large model, quartz movement. Steel case, beaded crown set with a synthetic cabochon-shaped spinel, blue lacquered dial, blued-steel sword-shaped hands, blue alligator-skin strap, steel ardillon buckle. Case dimensions: 33.7 mm x 25.5 mm, thickness: 6.6 mm. Water-resistant to 3 bar (approx. 30 metres).","post_status":"publish","comment_status":"open","ping_status":"closed","post_password":"","post_name":"test-modello-grande-movimento-al-quarzo-acciaio-pelle","to_ping":"","pinged":"","post_modified":"2025-10-29 09:21:51","post_modified_gmt":"2025-10-29 09:21:51","post_content_filtered":"","post_parent":0,"guid":"https:\/\/xframe.x-tra.it\/?post_type=product&#038;p=373223","menu_order":600,"post_type":"product","post_mime_type":"","comment_count":"0","filter":"raw","post_content_ml":"[:it]Orologio Tank Must, modello grande, movimento al quarzo. Cassa in acciaio, corona perlata ornata di uno spinello sintetico cabochon, quadrante laccato blu, lancette a forma di gladio in acciaio azzurrato, cinturino d\u2019alligatore blu, fibbia ardiglione in acciaio. Dimensioni della cassa 33,7 x 25,5 mm, spessore 6,6 mm. Impermeabile fino a 30 metri.[:]","post_content_langs":{"it":true},"post_title_ml":"[:it]TEST - Modello grande, movimento al quarzo, acciaio, pelle[:en]Large model, quartz movement, steel, leather (Copy)[:fr]Montre Tank Must Grand mod\u00e8le, mouvement quartz, acier, cuir (Copy)[:]","post_title_langs":{"it":true,"en":true,"fr":true},"post_excerpt_ml":"[:it]Orologio Tank Must, modello grande, movimento al quarzo. Cassa in acciaio, corona perlata ornata di uno spinello sintetico cabochon, quadrante laccato blu, lancette a forma di gladio in acciaio azzurrato, cinturino d\u2019alligatore blu, fibbia ardiglione in acciaio. Dimensioni della cassa 33,7 x 25,5 mm, spessore 6,6 mm. Impermeabile fino a 30 metri.[:en]Tank Must watch, large model, quartz movement. Steel case, beaded crown set with a synthetic cabochon-shaped spinel, blue lacquered dial, blued-steel sword-shaped hands, blue alligator-skin strap, steel ardillon buckle. Case dimensions: 33.7 mm x 25.5 mm, thickness: 6.6 mm. Water-resistant to 3 bar (approx. 30 metres).[:fr]Orologio Tank Must, modello grande, movimento al quarzo. Cassa in acciaio, corona perlata ornata di uno spinello sintetico cabochon, quadrante laccato blu, lancette a forma di gladio in acciaio azzurrato, cinturino d\u2019alligatore blu, fibbia ardiglione in acciaio. Dimensioni della cassa 33,7 x 25,5 mm, spessore 6,6 mm. Impermeabile fino a 30 metri.[:]","post_excerpt_langs":{"it":true,"en":true,"fr":true}}],"wpcf_project_listing":[{"ID":373223,"post_author":"2","post_date":"2025-03-24 14:14:34","post_date_gmt":"2025-03-24 14:14:34","post_content":"<p class=\"qtranxs-available-languages-message qtranxs-available-languages-message-en\">Sorry, this entry is only available in <a href=\"https:\/\/xframe.x-tra.it\/it\/wp-json\/wp\/v2\/product\/357703\" class=\"qtranxs-available-language-link qtranxs-available-language-link-it\" title=\"Italiano\">Italiano<\/a>.<\/p>","post_title":"Large model, quartz movement, steel, leather (Copy)","post_excerpt":"Tank Must watch, large model, quartz movement. Steel case, beaded crown set with a synthetic cabochon-shaped spinel, blue lacquered dial, blued-steel sword-shaped hands, blue alligator-skin strap, steel ardillon buckle. Case dimensions: 33.7 mm x 25.5 mm, thickness: 6.6 mm. Water-resistant to 3 bar (approx. 30 metres).","post_status":"publish","comment_status":"open","ping_status":"closed","post_password":"","post_name":"test-modello-grande-movimento-al-quarzo-acciaio-pelle","to_ping":"","pinged":"","post_modified":"2025-10-29 09:21:51","post_modified_gmt":"2025-10-29 09:21:51","post_content_filtered":"","post_parent":0,"guid":"https:\/\/xframe.x-tra.it\/?post_type=product&#038;p=373223","menu_order":600,"post_type":"product","post_mime_type":"","comment_count":"0","filter":"raw","post_content_ml":"[:it]Orologio Tank Must, modello grande, movimento al quarzo. Cassa in acciaio, corona perlata ornata di uno spinello sintetico cabochon, quadrante laccato blu, lancette a forma di gladio in acciaio azzurrato, cinturino d\u2019alligatore blu, fibbia ardiglione in acciaio. Dimensioni della cassa 33,7 x 25,5 mm, spessore 6,6 mm. Impermeabile fino a 30 metri.[:]","post_content_langs":{"it":true},"post_title_ml":"[:it]TEST - Modello grande, movimento al quarzo, acciaio, pelle[:en]Large model, quartz movement, steel, leather (Copy)[:fr]Montre Tank Must Grand mod\u00e8le, mouvement quartz, acier, cuir (Copy)[:]","post_title_langs":{"it":true,"en":true,"fr":true},"post_excerpt_ml":"[:it]Orologio Tank Must, modello grande, movimento al quarzo. Cassa in acciaio, corona perlata ornata di uno spinello sintetico cabochon, quadrante laccato blu, lancette a forma di gladio in acciaio azzurrato, cinturino d\u2019alligatore blu, fibbia ardiglione in acciaio. Dimensioni della cassa 33,7 x 25,5 mm, spessore 6,6 mm. Impermeabile fino a 30 metri.[:en]Tank Must watch, large model, quartz movement. Steel case, beaded crown set with a synthetic cabochon-shaped spinel, blue lacquered dial, blued-steel sword-shaped hands, blue alligator-skin strap, steel ardillon buckle. Case dimensions: 33.7 mm x 25.5 mm, thickness: 6.6 mm. Water-resistant to 3 bar (approx. 30 metres).[:fr]Orologio Tank Must, modello grande, movimento al quarzo. Cassa in acciaio, corona perlata ornata di uno spinello sintetico cabochon, quadrante laccato blu, lancette a forma di gladio in acciaio azzurrato, cinturino d\u2019alligatore blu, fibbia ardiglione in acciaio. Dimensioni della cassa 33,7 x 25,5 mm, spessore 6,6 mm. Impermeabile fino a 30 metri.[:]","post_excerpt_langs":{"it":true,"en":true,"fr":true}}],"_links":{"self":[{"href":"https:\/\/xframe.x-tra.it\/en\/wp-json\/wp\/v2\/product\/357703","targetHints":{"allow":["GET"]}}],"collection":[{"href":"https:\/\/xframe.x-tra.it\/en\/wp-json\/wp\/v2\/product"}],"about":[{"href":"https:\/\/xframe.x-tra.it\/en\/wp-json\/wp\/v2\/types\/product"}],"replies":[{"embeddable":true,"href":"https:\/\/xframe.x-tra.it\/en\/wp-json\/wp\/v2\/comments?post=357703"}],"wp:featuredmedia":[{"embeddable":true,"href":"https:\/\/xframe.x-tra.it\/en\/wp-json\/wp\/v2\/media\/357704"}],"wp:attachment":[{"href":"https:\/\/xframe.x-tra.it\/en\/wp-json\/wp\/v2\/media?parent=357703"}],"wp:term":[{"taxonomy":"product_cat","embeddable":true,"href":"https:\/\/xframe.x-tra.it\/en\/wp-json\/wp\/v2\/product_cat?post=357703"},{"taxonomy":"product_tag","embeddable":true,"href":"https:\/\/xframe.x-tra.it\/en\/wp-json\/wp\/v2\/product_tag?post=357703"}],"curies":[{"name":"wp","href":"https:\/\/api.w.org\/{rel}","templated":true}]}}