{"id":1305,"date":"2019-01-23T06:31:31","date_gmt":"2019-01-23T06:31:31","guid":{"rendered":"https:\/\/xframe.x-tra.it\/index.php\/about-us\/"},"modified":"2024-01-17T16:08:04","modified_gmt":"2024-01-17T16:08:04","slug":"about-us","status":"publish","type":"page","link":"https:\/\/xframe.x-tra.it\/en\/about-us\/","title":{"rendered":"About Us"},"content":{"rendered":"\t\t<div data-elementor-type=\"wp-post\" data-elementor-id=\"1305\" class=\"elementor elementor-1305\">\n\t\t\t\t\t\t<section class=\"elementor-section elementor-top-section elementor-element elementor-element-6ccdc95 elementor-section-content-middle elementor-section-boxed elementor-section-height-default elementor-section-height-default\" data-id=\"6ccdc95\" data-element_type=\"section\" data-settings=\"{&quot;background_background&quot;:&quot;classic&quot;}\">\n\t\t\t\t\t\t\t<div class=\"elementor-background-overlay\"><\/div>\n\t\t\t\t\t\t\t<div class=\"elementor-container elementor-column-gap-no\">\n\t\t\t\t\t<div class=\"elementor-column elementor-col-100 elementor-top-column elementor-element elementor-element-4f6adc0\" data-id=\"4f6adc0\" data-element_type=\"column\">\n\t\t\t<div class=\"elementor-widget-wrap elementor-element-populated\">\n\t\t\t\t\t\t<div class=\"elementor-element elementor-element-179c706 elementor-widget-mobile__width-initial elementor-widget elementor-widget-heading\" data-id=\"179c706\" data-element_type=\"widget\" data-widget_type=\"heading.default\">\n\t\t\t\t<div class=\"elementor-widget-container\">\n\t\t\t\t\t<h1 class=\"elementor-heading-title elementor-size-small\">Chi siamo<\/h1>\t\t\t\t<\/div>\n\t\t\t\t<\/div>\n\t\t\t\t\t<\/div>\n\t\t<\/div>\n\t\t\t\t\t<\/div>\n\t\t<\/section>\n\t\t\t\t<section class=\"elementor-section elementor-top-section elementor-element elementor-element-117d0af elementor-section-boxed elementor-section-height-default elementor-section-height-default\" data-id=\"117d0af\" data-element_type=\"section\">\n\t\t\t\t\t\t<div class=\"elementor-container elementor-column-gap-default\">\n\t\t\t\t\t<div class=\"elementor-column elementor-col-33 elementor-top-column elementor-element elementor-element-f785b2a elementor-invisible\" data-id=\"f785b2a\" data-element_type=\"column\" data-settings=\"{&quot;animation&quot;:&quot;fadeInLeft&quot;}\">\n\t\t\t<div class=\"elementor-widget-wrap elementor-element-populated\">\n\t\t\t\t\t\t<div class=\"elementor-element elementor-element-7d53476 elementor-widget-divider--view-line elementor-widget elementor-widget-divider\" data-id=\"7d53476\" data-element_type=\"widget\" data-widget_type=\"divider.default\">\n\t\t\t\t<div class=\"elementor-widget-container\">\n\t\t\t\t\t\t\t<div class=\"elementor-divider\">\n\t\t\t<span class=\"elementor-divider-separator\">\n\t\t\t\t\t\t<\/span>\n\t\t<\/div>\n\t\t\t\t\t\t<\/div>\n\t\t\t\t<\/div>\n\t\t\t\t<div class=\"elementor-element elementor-element-60a44f9 elementor-widget elementor-widget-text-editor\" data-id=\"60a44f9\" data-element_type=\"widget\" data-widget_type=\"text-editor.default\">\n\t\t\t\t<div class=\"elementor-widget-container\">\n\t\t\t\t\t\t\t\t\t<p>Benvenuti da eJewels, la gioielleria d&#8217;eccellenza nel cuore di Milano, dove l&#8217;arte e la bellezza si fondono in un&#8217;esperienza di shopping senza pari. Il nostro negozio di gioielli \u00e8 un&#8217;oasi di eleganza e raffinatezza, situato in una delle citt\u00e0 pi\u00f9 alla moda al mondo.<\/p>\t\t\t\t\t\t\t\t<\/div>\n\t\t\t\t<\/div>\n\t\t\t\t\t<\/div>\n\t\t<\/div>\n\t\t\t\t<div class=\"elementor-column elementor-col-33 elementor-top-column elementor-element elementor-element-f6ba800\" data-id=\"f6ba800\" data-element_type=\"column\">\n\t\t\t<div class=\"elementor-widget-wrap elementor-element-populated\">\n\t\t\t\t\t\t<div class=\"elementor-element elementor-element-a2d5589 elementor-widget-divider--view-line elementor-widget elementor-widget-divider\" data-id=\"a2d5589\" data-element_type=\"widget\" data-widget_type=\"divider.default\">\n\t\t\t\t<div class=\"elementor-widget-container\">\n\t\t\t\t\t\t\t<div class=\"elementor-divider\">\n\t\t\t<span class=\"elementor-divider-separator\">\n\t\t\t\t\t\t<\/span>\n\t\t<\/div>\n\t\t\t\t\t\t<\/div>\n\t\t\t\t<\/div>\n\t\t\t\t<div class=\"elementor-element elementor-element-8101841 elementor-invisible elementor-widget elementor-widget-text-editor\" data-id=\"8101841\" data-element_type=\"widget\" data-settings=\"{&quot;_animation&quot;:&quot;fadeInUp&quot;}\" data-widget_type=\"text-editor.default\">\n\t\t\t\t<div class=\"elementor-widget-container\">\n\t\t\t\t\t\t\t\t\t<p>eJewels vanta una vasta selezione di gioielli, dai classici agli ultimi design alla moda, tutti accuratamente selezionati per garantire la massima qualit\u00e0 e stile. Le vetrine luminose espongono scintillanti diamanti, preziose pietre colorate e squisite creazioni in oro, invitandoti a esplorare un mondo di splendore e lusso.<\/p>\t\t\t\t\t\t\t\t<\/div>\n\t\t\t\t<\/div>\n\t\t\t\t\t<\/div>\n\t\t<\/div>\n\t\t\t\t<div class=\"elementor-column elementor-col-33 elementor-top-column elementor-element elementor-element-d6319d2\" data-id=\"d6319d2\" data-element_type=\"column\">\n\t\t\t<div class=\"elementor-widget-wrap elementor-element-populated\">\n\t\t\t\t\t\t<div class=\"elementor-element elementor-element-3d32650 elementor-widget-divider--view-line elementor-widget elementor-widget-divider\" data-id=\"3d32650\" data-element_type=\"widget\" data-widget_type=\"divider.default\">\n\t\t\t\t<div class=\"elementor-widget-container\">\n\t\t\t\t\t\t\t<div class=\"elementor-divider\">\n\t\t\t<span class=\"elementor-divider-separator\">\n\t\t\t\t\t\t<\/span>\n\t\t<\/div>\n\t\t\t\t\t\t<\/div>\n\t\t\t\t<\/div>\n\t\t\t\t<div class=\"elementor-element elementor-element-ea7fd4c elementor-invisible elementor-widget elementor-widget-text-editor\" data-id=\"ea7fd4c\" data-element_type=\"widget\" data-settings=\"{&quot;_animation&quot;:&quot;fadeInRight&quot;}\" data-widget_type=\"text-editor.default\">\n\t\t\t\t<div class=\"elementor-widget-container\">\n\t\t\t\t\t\t\t\t\t<p>Da eJewels, non vendiamo solo gioielli; offriamo esperienze. Siamo il connubio perfetto tra tradizione artigianale e innovazione, il luogo in cui i sogni prendono forma e diventano realt\u00e0. Siamo pronti ad accoglierti nel nostro mondo di bellezza senza tempo e ad accompagnarti nella scoperta dei gioielli che rendono unica ogni occasione.<\/p>\t\t\t\t\t\t\t\t<\/div>\n\t\t\t\t<\/div>\n\t\t\t\t\t<\/div>\n\t\t<\/div>\n\t\t\t\t\t<\/div>\n\t\t<\/section>\n\t\t\t\t<section class=\"elementor-section elementor-top-section elementor-element elementor-element-84681a7 elementor-section-boxed elementor-section-height-default elementor-section-height-default\" data-id=\"84681a7\" data-element_type=\"section\">\n\t\t\t\t\t\t<div class=\"elementor-container elementor-column-gap-default\">\n\t\t\t\t\t<div class=\"elementor-column elementor-col-100 elementor-top-column elementor-element elementor-element-cfebbcf elementor-invisible\" data-id=\"cfebbcf\" data-element_type=\"column\" data-settings=\"{&quot;animation&quot;:&quot;slideInUp&quot;}\">\n\t\t\t<div class=\"elementor-widget-wrap elementor-element-populated\">\n\t\t\t\t\t\t<div class=\"elementor-element elementor-element-b806999 elementor-widget__width-initial elementor-widget elementor-widget-heading\" data-id=\"b806999\" data-element_type=\"widget\" data-widget_type=\"heading.default\">\n\t\t\t\t<div class=\"elementor-widget-container\">\n\t\t\t\t\t<h2 class=\"elementor-heading-title elementor-size-default\">\"Diamo sempre il meglio nel nostro lavoro per consegnare al cliente un prodotto di ottima qualit\u00e0 e che duri nel tempo.\"\u200b<\/h2>\t\t\t\t<\/div>\n\t\t\t\t<\/div>\n\t\t\t\t\t<\/div>\n\t\t<\/div>\n\t\t\t\t\t<\/div>\n\t\t<\/section>\n\t\t\t\t<section class=\"elementor-section elementor-top-section elementor-element elementor-element-43bdee2 elementor-section-boxed elementor-section-height-default elementor-section-height-default\" data-id=\"43bdee2\" data-element_type=\"section\" data-settings=\"{&quot;animation&quot;:&quot;none&quot;}\">\n\t\t\t\t\t\t<div class=\"elementor-container elementor-column-gap-default\">\n\t\t\t\t\t<div class=\"elementor-column elementor-col-50 elementor-top-column elementor-element elementor-element-75d3a68 elementor-invisible\" data-id=\"75d3a68\" data-element_type=\"column\" data-settings=\"{&quot;animation&quot;:&quot;zoomIn&quot;}\">\n\t\t\t<div class=\"elementor-widget-wrap elementor-element-populated\">\n\t\t\t\t\t\t<div class=\"elementor-element elementor-element-3f52f7b elementor-widget elementor-widget-text-editor\" data-id=\"3f52f7b\" data-element_type=\"widget\" data-widget_type=\"text-editor.default\">\n\t\t\t\t<div class=\"elementor-widget-container\">\n\t\t\t\t\t\t\t\t\t<h2><strong>Gioielli Strabilianti<\/strong><\/h2><p>Da eJewels, vi presentiamo una collezione eclettica di gioielli che spaziano dagli anelli scintillanti, alle collane affascinanti, ai bracciali eleganti e agli orecchini di tendenza. Ogni pezzo \u00e8 selezionato con cura per la sua qualit\u00e0 e stile, garantendo che ogni cliente trovi il gioiello perfetto per esprimere la propria personalit\u00e0.<\/p>\t\t\t\t\t\t\t\t<\/div>\n\t\t\t\t<\/div>\n\t\t\t\t\t<\/div>\n\t\t<\/div>\n\t\t\t\t<div class=\"elementor-column elementor-col-50 elementor-top-column elementor-element elementor-element-ec66e49 elementor-invisible\" data-id=\"ec66e49\" data-element_type=\"column\" data-settings=\"{&quot;animation&quot;:&quot;zoomIn&quot;}\">\n\t\t\t<div class=\"elementor-widget-wrap elementor-element-populated\">\n\t\t\t\t\t\t<div class=\"elementor-element elementor-element-3cf4065 elementor-widget elementor-widget-text-editor\" data-id=\"3cf4065\" data-element_type=\"widget\" data-widget_type=\"text-editor.default\">\n\t\t\t\t<div class=\"elementor-widget-container\">\n\t\t\t\t\t\t\t\t\t<h2><strong>Clienti soddisfatti<\/strong><\/h2><p>Il nostro negozio \u00e8 progettato per offrire un&#8217;esperienza di acquisto piacevole e senza stress. La nostra atmosfera accogliente vi invita a esplorare tranquillamente le collezioni esclusive, con il comfort di sapere che il nostro team \u00e8 qui per soddisfare le vostre esigenze.<\/p>\t\t\t\t\t\t\t\t<\/div>\n\t\t\t\t<\/div>\n\t\t\t\t\t<\/div>\n\t\t<\/div>\n\t\t\t\t\t<\/div>\n\t\t<\/section>\n\t\t\t\t<\/div>\n\t\t","protected":false},"excerpt":{"rendered":"<p>Chi siamo Benvenuti da eJewels, la gioielleria d&#8217;eccellenza nel cuore di Milano, dove l&#8217;arte e la bellezza si fondono in un&#8217;esperienza di shopping senza pari. Il nostro negozio di gioielli \u00e8 un&#8217;oasi di eleganza e raffinatezza, situato in una delle citt\u00e0 pi\u00f9 alla moda al mondo. eJewels vanta una vasta selezione di gioielli, dai classici &hellip;<\/p>\n<p class=\"read-more\"> <a class=\"\" href=\"https:\/\/xframe.x-tra.it\/en\/about-us\/\"> <span class=\"screen-reader-text\">About Us<\/span> Read More &raquo;<\/a><\/p>\n","protected":false},"author":1,"featured_media":0,"parent":0,"menu_order":0,"comment_status":"closed","ping_status":"closed","template":"","meta":{"_acf_changed":false,"site-sidebar-layout":"no-sidebar","site-content-layout":"page-builder","ast-site-content-layout":"full-width-container","site-content-style":"unboxed","site-sidebar-style":"unboxed","ast-global-header-display":"","ast-banner-title-visibility":"","ast-main-header-display":"","ast-hfb-above-header-display":"","ast-hfb-below-header-display":"","ast-hfb-mobile-header-display":"","site-post-title":"disabled","ast-breadcrumbs-content":"","ast-featured-img":"disabled","footer-sml-layout":"","theme-transparent-header-meta":"enabled","adv-header-id-meta":"","stick-header-meta":"","header-above-stick-meta":"","header-main-stick-meta":"","header-below-stick-meta":"","astra-migrate-meta-layouts":"set","footnotes":""},"class_list":["post-1305","page","type-page","status-publish","hentry"],"acf":[],"yoast_head":"<!-- This site is optimized with the Yoast SEO plugin v24.6 - https:\/\/yoast.com\/wordpress\/plugins\/seo\/ -->\n<title>About Us -<\/title>\n<meta name=\"robots\" content=\"noindex, follow, max-snippet:-1, max-image-preview:large, max-video-preview:-1\" \/>\n<meta property=\"og:locale\" content=\"en_US\" \/>\n<meta property=\"og:type\" content=\"article\" \/>\n<meta property=\"og:title\" content=\"About Us -\" \/>\n<meta property=\"og:description\" content=\"Chi siamo Benvenuti da eJewels, la gioielleria d&#8217;eccellenza nel cuore di Milano, dove l&#8217;arte e la bellezza si fondono in un&#8217;esperienza di shopping senza pari. Il nostro negozio di gioielli \u00e8 un&#8217;oasi di eleganza e raffinatezza, situato in una delle citt\u00e0 pi\u00f9 alla moda al mondo. eJewels vanta una vasta selezione di gioielli, dai classici &hellip; About Us Read More &raquo;\" \/>\n<meta property=\"og:url\" content=\"https:\/\/xframe.x-tra.it\/about-us\/\" \/>\n<meta property=\"article:modified_time\" content=\"2024-01-17T16:08:04+00:00\" \/>\n<meta name=\"twitter:card\" content=\"summary_large_image\" \/>\n<meta name=\"twitter:label1\" content=\"Est. reading time\" \/>\n\t<meta name=\"twitter:data1\" content=\"3 minutes\" \/>\n<script type=\"application\/ld+json\" class=\"yoast-schema-graph\">{\"@context\":\"https:\/\/schema.org\",\"@graph\":[{\"@type\":\"WebPage\",\"@id\":\"https:\/\/xframe.x-tra.it\/about-us\/\",\"url\":\"https:\/\/xframe.x-tra.it\/about-us\/\",\"name\":\"About Us -\",\"isPartOf\":{\"@id\":\"https:\/\/xframe.x-tra.it\/#website\"},\"datePublished\":\"2019-01-23T06:31:31+00:00\",\"dateModified\":\"2024-01-17T16:08:04+00:00\",\"breadcrumb\":{\"@id\":\"https:\/\/xframe.x-tra.it\/about-us\/#breadcrumb\"},\"inLanguage\":\"en-US\",\"potentialAction\":[{\"@type\":\"ReadAction\",\"target\":[\"https:\/\/xframe.x-tra.it\/about-us\/\"]}]},{\"@type\":\"BreadcrumbList\",\"@id\":\"https:\/\/xframe.x-tra.it\/about-us\/#breadcrumb\",\"itemListElement\":[{\"@type\":\"ListItem\",\"position\":1,\"name\":\"Home\",\"item\":\"https:\/\/xframe.x-tra.it\/\"},{\"@type\":\"ListItem\",\"position\":2,\"name\":\"Chi siamo\"}]},{\"@type\":\"WebSite\",\"@id\":\"https:\/\/xframe.x-tra.it\/#website\",\"url\":\"https:\/\/xframe.x-tra.it\/\",\"name\":\"\",\"description\":\"\",\"potentialAction\":[{\"@type\":\"SearchAction\",\"target\":{\"@type\":\"EntryPoint\",\"urlTemplate\":\"https:\/\/xframe.x-tra.it\/?s={search_term_string}\"},\"query-input\":{\"@type\":\"PropertyValueSpecification\",\"valueRequired\":true,\"valueName\":\"search_term_string\"}}],\"inLanguage\":\"en-US\"}]}<\/script>\n<!-- \/ Yoast SEO plugin. -->","yoast_head_json":{"title":"About Us -","robots":{"index":"noindex","follow":"follow","max-snippet":"max-snippet:-1","max-image-preview":"max-image-preview:large","max-video-preview":"max-video-preview:-1"},"og_locale":"en_US","og_type":"article","og_title":"About Us -","og_description":"Chi siamo Benvenuti da eJewels, la gioielleria d&#8217;eccellenza nel cuore di Milano, dove l&#8217;arte e la bellezza si fondono in un&#8217;esperienza di shopping senza pari. Il nostro negozio di gioielli \u00e8 un&#8217;oasi di eleganza e raffinatezza, situato in una delle citt\u00e0 pi\u00f9 alla moda al mondo. eJewels vanta una vasta selezione di gioielli, dai classici &hellip; About Us Read More &raquo;","og_url":"https:\/\/xframe.x-tra.it\/about-us\/","article_modified_time":"2024-01-17T16:08:04+00:00","twitter_card":"summary_large_image","twitter_misc":{"Est. reading time":"3 minutes"},"schema":{"@context":"https:\/\/schema.org","@graph":[{"@type":"WebPage","@id":"https:\/\/xframe.x-tra.it\/about-us\/","url":"https:\/\/xframe.x-tra.it\/about-us\/","name":"About Us -","isPartOf":{"@id":"https:\/\/xframe.x-tra.it\/#website"},"datePublished":"2019-01-23T06:31:31+00:00","dateModified":"2024-01-17T16:08:04+00:00","breadcrumb":{"@id":"https:\/\/xframe.x-tra.it\/about-us\/#breadcrumb"},"inLanguage":"en-US","potentialAction":[{"@type":"ReadAction","target":["https:\/\/xframe.x-tra.it\/about-us\/"]}]},{"@type":"BreadcrumbList","@id":"https:\/\/xframe.x-tra.it\/about-us\/#breadcrumb","itemListElement":[{"@type":"ListItem","position":1,"name":"Home","item":"https:\/\/xframe.x-tra.it\/"},{"@type":"ListItem","position":2,"name":"Chi siamo"}]},{"@type":"WebSite","@id":"https:\/\/xframe.x-tra.it\/#website","url":"https:\/\/xframe.x-tra.it\/","name":"","description":"","potentialAction":[{"@type":"SearchAction","target":{"@type":"EntryPoint","urlTemplate":"https:\/\/xframe.x-tra.it\/?s={search_term_string}"},"query-input":{"@type":"PropertyValueSpecification","valueRequired":true,"valueName":"search_term_string"}}],"inLanguage":"en-US"}]}},"wpcf_dashboard":"<div class=\"woocommerce\"><div class=\"woocommerce-info\">Please log in first? <a class=\"wpneoShowLogin\" href=\"#\">Click here to login<\/a><\/div><div class=\"wpneo_login_form_div\" style=\"display: none;\"><form name=\"loginform\" id=\"loginform\" action=\"https:\/\/xframe.x-tra.it\/wp-login.php\" method=\"post\"><p class=\"login-username\">\n\t\t\t\t<label for=\"user_login\">Username or Email Address<\/label>\n\t\t\t\t<input type=\"text\" name=\"log\" id=\"user_login\" autocomplete=\"username\" class=\"input\" value=\"\" size=\"20\" \/>\n\t\t\t<\/p><p class=\"login-password\">\n\t\t\t\t<label for=\"user_pass\">Password<\/label>\n\t\t\t\t<input type=\"password\" name=\"pwd\" id=\"user_pass\" autocomplete=\"current-password\" spellcheck=\"false\" class=\"input\" value=\"\" size=\"20\" \/>\n\t\t\t<\/p><p class=\"login-remember\"><label><input name=\"rememberme\" type=\"checkbox\" id=\"rememberme\" value=\"forever\" \/> Remember Me<\/label><\/p><p class=\"login-submit\">\n\t\t\t\t<input type=\"submit\" name=\"wp-submit\" id=\"wp-submit\" class=\"button button-primary\" value=\"Log In\" \/>\n\t\t\t\t<input type=\"hidden\" name=\"redirect_to\" value=\"https:\/\/xframe.x-tra.it\/en\/wp-json\/wp\/v2\/pages\/1305\" \/>\n\t\t\t<\/p><\/form><\/div><\/div>","_links":{"self":[{"href":"https:\/\/xframe.x-tra.it\/en\/wp-json\/wp\/v2\/pages\/1305","targetHints":{"allow":["GET"]}}],"collection":[{"href":"https:\/\/xframe.x-tra.it\/en\/wp-json\/wp\/v2\/pages"}],"about":[{"href":"https:\/\/xframe.x-tra.it\/en\/wp-json\/wp\/v2\/types\/page"}],"author":[{"embeddable":true,"href":"https:\/\/xframe.x-tra.it\/en\/wp-json\/wp\/v2\/users\/1"}],"replies":[{"embeddable":true,"href":"https:\/\/xframe.x-tra.it\/en\/wp-json\/wp\/v2\/comments?post=1305"}],"version-history":[{"count":94,"href":"https:\/\/xframe.x-tra.it\/en\/wp-json\/wp\/v2\/pages\/1305\/revisions"}],"predecessor-version":[{"id":372596,"href":"https:\/\/xframe.x-tra.it\/en\/wp-json\/wp\/v2\/pages\/1305\/revisions\/372596"}],"wp:attachment":[{"href":"https:\/\/xframe.x-tra.it\/en\/wp-json\/wp\/v2\/media?parent=1305"}],"curies":[{"name":"wp","href":"https:\/\/api.w.org\/{rel}","templated":true}]}}